{"id":16,"date":"2017-01-12T15:49:59","date_gmt":"2017-01-12T15:49:59","guid":{"rendered":"https:\/\/bushido-kassel.tox.ninja\/?page_id=16"},"modified":"2025-05-27T20:15:42","modified_gmt":"2025-05-27T18:15:42","slug":"home","status":"publish","type":"page","link":"https:\/\/bushido-kassel.de\/wordpress\/","title":{"rendered":"Bushido"},"content":{"rendered":"\n<div class=\"wp-block-media-text is-stacked-on-mobile\" style=\"grid-template-columns:29% auto\"><figure class=\"wp-block-media-text__media\"><img decoding=\"async\" loading=\"lazy\" width=\"512\" height=\"512\" src=\"https:\/\/bushido-kassel.de\/wordpress\/wp-content\/uploads\/2017\/01\/cropped-a_Logo-Klein_2.png\" alt=\"\" class=\"wp-image-92 size-full\" srcset=\"https:\/\/bushido-kassel.de\/wordpress\/wp-content\/uploads\/2017\/01\/cropped-a_Logo-Klein_2.png 512w, https:\/\/bushido-kassel.de\/wordpress\/wp-content\/uploads\/2017\/01\/cropped-a_Logo-Klein_2-150x150.png 150w, https:\/\/bushido-kassel.de\/wordpress\/wp-content\/uploads\/2017\/01\/cropped-a_Logo-Klein_2-300x300.png 300w, https:\/\/bushido-kassel.de\/wordpress\/wp-content\/uploads\/2017\/01\/cropped-a_Logo-Klein_2-100x100.png 100w\" sizes=\"(max-width: 512px) 85vw, 512px\" \/><\/figure><div class=\"wp-block-media-text__content\">\n<p>Herzlich Willkommen bei der Sportvereinigung Bushido Kassel e.V. &#8211; dem Kasseler Verein f\u00fcr Kampfkunst und Selbstverteidigung. Unser Ziel ist ein breites Angebot an sportlichen Aktivit\u00e4ten zur St\u00e4rkung von K\u00f6rper, Geist und pers\u00f6nlicher Sicherheit anzubieten.<\/p>\n<\/div><\/div>\n\n\n<div>\n<p>Aktuell bieten wir Training in Ju-Jutsu, Karate und Selbstverteidigung f\u00fcr Frauen an. Ju-Jutsu ist Sport und moderne Selbstverteidigung. Es ist praxisnah, leicht erlernbar und \u00e4u\u00dferst effektiv.<\/p>\n<p>In unserer Frauen-Selbstverteidigung werden Ju-Jutsu-Konzepte speziell auf weibliche Bed\u00fcrfnisse zugeschnitten unterrichtet. Au\u00dferdem kommt hier die Fitness nicht zu kurz.<\/p>\n<p>Karate ist k\u00f6rperliche und spirituelle Kampfkunst mit Fokus auf Kraft, Ausdauer, Schnelligkeit und Koordination. Es ist au\u00dferdem ein ganzheitlicher Gesundheitsport.<\/p>\n<\/div>\n<div>\n<p>Neue Gesichter sind uns immer willkommen! Schauen Sie bei uns vorbei und machen Sie sich selbst einen Eindruck von unserem Angebot.<\/p>\n<div align=\"right\"><i>\u201eNimm an, was n\u00fctzlich ist. Lass weg, was unn\u00fctz ist.<br \/>Und f\u00fcge das hinzu, was dein Eigenes ist.\u201c<\/i><br \/>&#8212; Bruce Lee<\/div>\n<\/div>","protected":false},"excerpt":{"rendered":"<p>Herzlich Willkommen bei der Sportvereinigung Bushido Kassel e.V. &#8211; dem Kasseler Verein f\u00fcr Kampfkunst und Selbstverteidigung. Unser Ziel ist ein breites Angebot an sportlichen Aktivit\u00e4ten zur St\u00e4rkung von K\u00f6rper, Geist und pers\u00f6nlicher Sicherheit anzubieten. Aktuell bieten wir Training in Ju-Jutsu, Karate und Selbstverteidigung f\u00fcr Frauen an. Ju-Jutsu ist Sport und moderne Selbstverteidigung. Es ist praxisnah, &hellip; <a href=\"https:\/\/bushido-kassel.de\/wordpress\/\" class=\"more-link\"><span class=\"screen-reader-text\">\u201eBushido\u201c<\/span> weiterlesen<\/a><\/p>\n","protected":false},"author":1,"featured_media":0,"parent":0,"menu_order":0,"comment_status":"closed","ping_status":"closed","template":"","meta":{"footnotes":""},"_links":{"self":[{"href":"https:\/\/bushido-kassel.de\/wordpress\/wp-json\/wp\/v2\/pages\/16"}],"collection":[{"href":"https:\/\/bushido-kassel.de\/wordpress\/wp-json\/wp\/v2\/pages"}],"about":[{"href":"https:\/\/bushido-kassel.de\/wordpress\/wp-json\/wp\/v2\/types\/page"}],"author":[{"embeddable":true,"href":"https:\/\/bushido-kassel.de\/wordpress\/wp-json\/wp\/v2\/users\/1"}],"replies":[{"embeddable":true,"href":"https:\/\/bushido-kassel.de\/wordpress\/wp-json\/wp\/v2\/comments?post=16"}],"version-history":[{"count":12,"href":"https:\/\/bushido-kassel.de\/wordpress\/wp-json\/wp\/v2\/pages\/16\/revisions"}],"predecessor-version":[{"id":276,"href":"https:\/\/bushido-kassel.de\/wordpress\/wp-json\/wp\/v2\/pages\/16\/revisions\/276"}],"wp:attachment":[{"href":"https:\/\/bushido-kassel.de\/wordpress\/wp-json\/wp\/v2\/media?parent=16"}],"curies":[{"name":"wp","href":"https:\/\/api.w.org\/{rel}","templated":true}]}}