{"id":61,"date":"2017-01-12T17:34:31","date_gmt":"2017-01-12T17:34:31","guid":{"rendered":"https:\/\/bushido-kassel.tox.ninja\/?page_id=61"},"modified":"2025-05-27T21:00:05","modified_gmt":"2025-05-27T19:00:05","slug":"ju-jutsu","status":"publish","type":"page","link":"https:\/\/bushido-kassel.de\/wordpress\/ju-jutsu\/","title":{"rendered":"Ju-Jutsu"},"content":{"rendered":"\n<div class=\"wp-block-group is-layout-constrained wp-block-group-is-layout-constrained\"><div class=\"wp-block-group__inner-container\">\n<figure class=\"wp-block-gallery has-nested-images columns-default is-cropped wp-block-gallery-1 is-layout-flex wp-block-gallery-is-layout-flex\">\n<figure class=\"wp-block-image size-large\"><img decoding=\"async\" loading=\"lazy\" width=\"683\" height=\"1024\" src=\"https:\/\/bushido-kassel.de\/wordpress\/wp-content\/uploads\/2025\/05\/01_hoch_1E8A0486-683x1024.jpg\" alt=\"\" class=\"wp-image-250\" srcset=\"https:\/\/bushido-kassel.de\/wordpress\/wp-content\/uploads\/2025\/05\/01_hoch_1E8A0486-683x1024.jpg 683w, https:\/\/bushido-kassel.de\/wordpress\/wp-content\/uploads\/2025\/05\/01_hoch_1E8A0486-200x300.jpg 200w, https:\/\/bushido-kassel.de\/wordpress\/wp-content\/uploads\/2025\/05\/01_hoch_1E8A0486-768x1152.jpg 768w, https:\/\/bushido-kassel.de\/wordpress\/wp-content\/uploads\/2025\/05\/01_hoch_1E8A0486-1024x1536.jpg 1024w, https:\/\/bushido-kassel.de\/wordpress\/wp-content\/uploads\/2025\/05\/01_hoch_1E8A0486-1200x1800.jpg 1200w, https:\/\/bushido-kassel.de\/wordpress\/wp-content\/uploads\/2025\/05\/01_hoch_1E8A0486.jpg 1280w\" sizes=\"(max-width: 683px) 85vw, 683px\" \/><\/figure>\n\n\n\n<figure class=\"wp-block-image size-large\"><img decoding=\"async\" loading=\"lazy\" width=\"683\" height=\"1024\" src=\"https:\/\/bushido-kassel.de\/wordpress\/wp-content\/uploads\/2025\/05\/02_hoch_1E8A0628-683x1024.jpg\" alt=\"\" class=\"wp-image-257\" srcset=\"https:\/\/bushido-kassel.de\/wordpress\/wp-content\/uploads\/2025\/05\/02_hoch_1E8A0628-683x1024.jpg 683w, https:\/\/bushido-kassel.de\/wordpress\/wp-content\/uploads\/2025\/05\/02_hoch_1E8A0628-200x300.jpg 200w, https:\/\/bushido-kassel.de\/wordpress\/wp-content\/uploads\/2025\/05\/02_hoch_1E8A0628-768x1152.jpg 768w, https:\/\/bushido-kassel.de\/wordpress\/wp-content\/uploads\/2025\/05\/02_hoch_1E8A0628-1024x1536.jpg 1024w, https:\/\/bushido-kassel.de\/wordpress\/wp-content\/uploads\/2025\/05\/02_hoch_1E8A0628-1200x1800.jpg 1200w, https:\/\/bushido-kassel.de\/wordpress\/wp-content\/uploads\/2025\/05\/02_hoch_1E8A0628.jpg 1280w\" sizes=\"(max-width: 683px) 85vw, 683px\" \/><\/figure>\n\n\n\n<figure class=\"wp-block-image size-large\"><img decoding=\"async\" loading=\"lazy\" width=\"806\" height=\"1024\" src=\"https:\/\/bushido-kassel.de\/wordpress\/wp-content\/uploads\/2025\/05\/03_hoch_1E8A0144E-806x1024.jpg\" alt=\"\" class=\"wp-image-258\" style=\"aspect-ratio:0.7875\" srcset=\"https:\/\/bushido-kassel.de\/wordpress\/wp-content\/uploads\/2025\/05\/03_hoch_1E8A0144E-806x1024.jpg 806w, https:\/\/bushido-kassel.de\/wordpress\/wp-content\/uploads\/2025\/05\/03_hoch_1E8A0144E-236x300.jpg 236w, https:\/\/bushido-kassel.de\/wordpress\/wp-content\/uploads\/2025\/05\/03_hoch_1E8A0144E-768x975.jpg 768w, https:\/\/bushido-kassel.de\/wordpress\/wp-content\/uploads\/2025\/05\/03_hoch_1E8A0144E.jpg 1008w\" sizes=\"(max-width: 806px) 85vw, 806px\" \/><\/figure>\n<\/figure>\n<\/div><\/div>\n\n\n<h1 style=\"text-align: center;\"><img decoding=\"async\" loading=\"lazy\" class=\"alignnone size-full wp-image-62\" src=\"https:\/\/bushido-kassel.de\/wordpress\/wp-content\/uploads\/2017\/01\/ju.png\" alt=\"\" width=\"47\" height=\"55\" \/> Ju-Jutsu <img decoding=\"async\" loading=\"lazy\" class=\"alignnone size-full wp-image-63\" src=\"https:\/\/bushido-kassel.de\/wordpress\/wp-content\/uploads\/2017\/01\/jutsu.png\" alt=\"\" width=\"55\" height=\"45\" \/><\/h1>\n<h2 style=\"text-align: center;\">Praxisorientierte Selbstverteidigung<\/h2>\n<p>Ju-Jutsu ist ein modernes Selbstverteidigungssystem, mit historischen Wurzeln in den klassischen japanischen Kampfk\u00fcnsten. Die Wurzeln des Ju-Jutsu sind Aikido und Judo (die wiederum aus Jiu Jitsu entstanden sind) sowie Karate. Aus jeder dieser Kampfk\u00fcnste wurden die f\u00fcr das System Ju-Jutsu besten Techniken vereint. Die Techniken wurden auf die Bed\u00fcrfnisse des Ju-Jutsu abgestimmt. Basierend auf eine Verteidigungssituation wird trainiert die verschiedensten Angriffe abzuwehren. Die Abwehr kann mit h\u00e4rteren oder weicheren Techniken erfolgen, angepasst an die Situation in der man sich befindet.<\/p>\n<p>Durch das best\u00e4ndige Training wird neben den technischen Fertigkeiten auch die Koordination, Ausdauer, Kraft und Reaktionsf\u00e4higkeit gesteigert, sowie die Selbstsicherheit im Umgang mit Stress- und Extremsituationen gef\u00f6rdert. Durch st\u00e4ndige Variation der Verteidigungssituationen erreicht man einen hohen Grad an Flexibilit\u00e4t um mit m\u00f6glichst vielen Ereignissen angemessen umgehen zu k\u00f6nnen.<\/p>\n<p>Diese F\u00e4higkeiten kann man in den G\u00fcrtelpr\u00fcfungen unter Beweis stellen, wo mit steigender Graduierung der Anspruch an die Pr\u00fcfungsteilnehmer immer h\u00f6her wird und diese unter dem Pr\u00fcfungsstress auch erfahren k\u00f6nnen, wie ausgereift ihr Ju-Jutsu ist. Ju-Jutsu ist f\u00fcr jede Altersgruppe geeignet und wird an die k\u00f6rperlichen Voraussetzungen angepasst. Auf diese Weise kann jeder Ju-Jutsuka sein eigenes Selbstverteidigungssystem zusammenstellen, basierend auf seine k\u00f6rperlichen F\u00e4higkeiten.<\/p>\n<h3>Trainingszeiten<\/h3>\n<p><b>Montag:<\/b> 19:30 &#8211; 21:30 Uhr<br \/>Sporthalle Bettenhausen, Eichwaldstrasse 110, 34123 Kassel \/\u00a0<br \/>Sporthalle Sandershausen, M\u00fchlenweg 9, 34266 Niestetal<\/p>\n<p><b>Mittwoch:<\/b> 19:00 &#8211; 21:00 Uhr<br \/>Sporthalle der Albert-Schweitzer-Schule, K\u00f6lnische Str. 89, 34119 Kassel<\/p>\n<p><strong>Freitag<\/strong>: 17:00 &#8211; 18:30 Uhr<br \/>Sporthalle der Albert-Schweitzer-Schule, K\u00f6lnische Str. 89, 34119 Kassel<\/p>\n<p>Wer zum ersten Mal teilnehmen m\u00f6chte, sollte vorher abkl\u00e4ren, wo das Training an dem Tag stattfindet (<a href=\"mailto:info@bushido-kassel.de\">info@bushido-kassel.de<\/a>).<\/p>\n\n\n<figure class=\"wp-block-gallery has-nested-images columns-default is-cropped wp-block-gallery-4 is-layout-flex wp-block-gallery-is-layout-flex\">\n<figure class=\"wp-block-image size-large\"><img decoding=\"async\" loading=\"lazy\" width=\"1024\" height=\"683\" data-id=\"259\" src=\"https:\/\/bushido-kassel.de\/wordpress\/wp-content\/uploads\/2025\/05\/04_quer_1E8A0194-1024x683.jpg\" alt=\"\" class=\"wp-image-259\" srcset=\"https:\/\/bushido-kassel.de\/wordpress\/wp-content\/uploads\/2025\/05\/04_quer_1E8A0194-1024x683.jpg 1024w, https:\/\/bushido-kassel.de\/wordpress\/wp-content\/uploads\/2025\/05\/04_quer_1E8A0194-300x200.jpg 300w, https:\/\/bushido-kassel.de\/wordpress\/wp-content\/uploads\/2025\/05\/04_quer_1E8A0194-768x512.jpg 768w, https:\/\/bushido-kassel.de\/wordpress\/wp-content\/uploads\/2025\/05\/04_quer_1E8A0194-1536x1024.jpg 1536w, https:\/\/bushido-kassel.de\/wordpress\/wp-content\/uploads\/2025\/05\/04_quer_1E8A0194-1200x800.jpg 1200w, https:\/\/bushido-kassel.de\/wordpress\/wp-content\/uploads\/2025\/05\/04_quer_1E8A0194.jpg 1920w\" sizes=\"(max-width: 709px) 85vw, (max-width: 909px) 67vw, (max-width: 1362px) 62vw, 840px\" \/><\/figure>\n\n\n\n<figure class=\"wp-block-image size-large\"><img decoding=\"async\" loading=\"lazy\" width=\"1024\" height=\"683\" data-id=\"260\" src=\"https:\/\/bushido-kassel.de\/wordpress\/wp-content\/uploads\/2025\/05\/05_quer_1E8A0433-1024x683.jpg\" alt=\"\" class=\"wp-image-260\" srcset=\"https:\/\/bushido-kassel.de\/wordpress\/wp-content\/uploads\/2025\/05\/05_quer_1E8A0433-1024x683.jpg 1024w, https:\/\/bushido-kassel.de\/wordpress\/wp-content\/uploads\/2025\/05\/05_quer_1E8A0433-300x200.jpg 300w, https:\/\/bushido-kassel.de\/wordpress\/wp-content\/uploads\/2025\/05\/05_quer_1E8A0433-768x512.jpg 768w, https:\/\/bushido-kassel.de\/wordpress\/wp-content\/uploads\/2025\/05\/05_quer_1E8A0433-1536x1024.jpg 1536w, https:\/\/bushido-kassel.de\/wordpress\/wp-content\/uploads\/2025\/05\/05_quer_1E8A0433-1200x800.jpg 1200w, https:\/\/bushido-kassel.de\/wordpress\/wp-content\/uploads\/2025\/05\/05_quer_1E8A0433.jpg 1920w\" sizes=\"(max-width: 709px) 85vw, (max-width: 909px) 67vw, (max-width: 1362px) 62vw, 840px\" \/><\/figure>\n<\/figure>\n","protected":false},"excerpt":{"rendered":"<p>Ju-Jutsu Praxisorientierte Selbstverteidigung Ju-Jutsu ist ein modernes Selbstverteidigungssystem, mit historischen Wurzeln in den klassischen japanischen Kampfk\u00fcnsten. Die Wurzeln des Ju-Jutsu sind Aikido und Judo (die wiederum aus Jiu Jitsu entstanden sind) sowie Karate. Aus jeder dieser Kampfk\u00fcnste wurden die f\u00fcr das System Ju-Jutsu besten Techniken vereint. Die Techniken wurden auf die Bed\u00fcrfnisse des Ju-Jutsu abgestimmt. &hellip; <a href=\"https:\/\/bushido-kassel.de\/wordpress\/ju-jutsu\/\" class=\"more-link\"><span class=\"screen-reader-text\">\u201eJu-Jutsu\u201c<\/span> weiterlesen<\/a><\/p>\n","protected":false},"author":1,"featured_media":0,"parent":0,"menu_order":0,"comment_status":"closed","ping_status":"closed","template":"","meta":{"footnotes":""},"_links":{"self":[{"href":"https:\/\/bushido-kassel.de\/wordpress\/wp-json\/wp\/v2\/pages\/61"}],"collection":[{"href":"https:\/\/bushido-kassel.de\/wordpress\/wp-json\/wp\/v2\/pages"}],"about":[{"href":"https:\/\/bushido-kassel.de\/wordpress\/wp-json\/wp\/v2\/types\/page"}],"author":[{"embeddable":true,"href":"https:\/\/bushido-kassel.de\/wordpress\/wp-json\/wp\/v2\/users\/1"}],"replies":[{"embeddable":true,"href":"https:\/\/bushido-kassel.de\/wordpress\/wp-json\/wp\/v2\/comments?post=61"}],"version-history":[{"count":14,"href":"https:\/\/bushido-kassel.de\/wordpress\/wp-json\/wp\/v2\/pages\/61\/revisions"}],"predecessor-version":[{"id":293,"href":"https:\/\/bushido-kassel.de\/wordpress\/wp-json\/wp\/v2\/pages\/61\/revisions\/293"}],"wp:attachment":[{"href":"https:\/\/bushido-kassel.de\/wordpress\/wp-json\/wp\/v2\/media?parent=61"}],"curies":[{"name":"wp","href":"https:\/\/api.w.org\/{rel}","templated":true}]}}