{"id":65,"date":"2017-01-12T17:39:13","date_gmt":"2017-01-12T17:39:13","guid":{"rendered":"https:\/\/bushido-kassel.tox.ninja\/?page_id=65"},"modified":"2025-01-13T18:15:37","modified_gmt":"2025-01-13T17:15:37","slug":"karate","status":"publish","type":"page","link":"https:\/\/bushido-kassel.de\/wordpress\/karate\/","title":{"rendered":"Karate"},"content":{"rendered":"<h1 style=\"text-align: center;\"><img decoding=\"async\" loading=\"lazy\" class=\"headerimg\" src=\"https:\/\/bushido-kassel.de\/wordpress\/wp-content\/uploads\/2017\/03\/kara.png\" width=\"54\" height=\"60\" \/>\u00a0Karate\u00a0<img decoding=\"async\" loading=\"lazy\" class=\"headerimg\" src=\"https:\/\/bushido-kassel.de\/wordpress\/wp-content\/uploads\/2017\/03\/te.png\" width=\"46\" height=\"60\" \/><\/h1>\n<h2 style=\"text-align: center;\">Ein Sport f\u00fcr K\u00f6rper und Geist<\/h2>\n<p>Karate ist ein Kampfsport mit langer Tradition und bedeutet so viel wie &#8222;der Weg der leeren Hand&#8220;. Im w\u00f6rtlichen Sinn: der Karatek\u00e4mpfer ist waffenlos, seine Hand ist leer. Unser Training erfolgt ohne Kontakt: Fu\u00df- und Faustst\u00f6\u00dfe vor dem Auftreffen abgestoppt.Voraussetzung f\u00fcr die Aus\u00fcbung von Karate ist Selbstdisziplin und eine gute K\u00f6rperbeherrschung, die im Kihon (Grundschule) systematisch aufgebaut wird.<\/p>\n<p>Ob Ausgleichssport, allgemeine Fitness oder Selbstverteidigung, Karate er\u00f6ffnet allen Altersgruppen und Interessenlagen ein breites sportliches Bet\u00e4tigungsfeld.<br \/>\nKarate f\u00f6rdert durch seine Vielseitigkeit Gesundheit und Wohlbefinden.<\/p>\n<p>Erwachsene: 12\u20ac pro Monat<\/p>\n<p>Kinder: 8\u20ac pro Monat<\/p>\n<h3>Trainingszeiten<\/h3>\n<p><strong>Dienstag: <\/strong>17:00-18:30 Uhr (Anf\u00e4nger &amp; Fortgeschrittene)<\/p>\n<p><strong>Donnerstag: <\/strong>16:30-18:00 Uhr (Kinder &amp; Anf\u00e4nger)<\/p>\n<p><strong>Donnerstag: <\/strong>18:00-19:30 Uhr (Anfnger &amp; Fortgeschrittene)<\/p>\n<p>Heckerstr. 30c (Innenhof), 34121 Kassel-S\u00fcdstadt<\/p>\n<p>R\u00fcckfragen gerne bei Trainer Wolfgang Kothe, Telefon: 0172 2772452<\/p>\n<h3>Weitere Infos<\/h3>\n<p>Weiterf\u00fchrende Informationen unter <a href=\"http:\/\/www.karate-akademie-kassel.de\" target=\"_new\" rel=\"noopener noreferrer\">karate-akademie-kassel.de<\/a>.<\/p>\n","protected":false},"excerpt":{"rendered":"<p>\u00a0Karate\u00a0 Ein Sport f\u00fcr K\u00f6rper und Geist Karate ist ein Kampfsport mit langer Tradition und bedeutet so viel wie &#8222;der Weg der leeren Hand&#8220;. Im w\u00f6rtlichen Sinn: der Karatek\u00e4mpfer ist waffenlos, seine Hand ist leer. Unser Training erfolgt ohne Kontakt: Fu\u00df- und Faustst\u00f6\u00dfe vor dem Auftreffen abgestoppt.Voraussetzung f\u00fcr die Aus\u00fcbung von Karate ist Selbstdisziplin und &hellip; <a href=\"https:\/\/bushido-kassel.de\/wordpress\/karate\/\" class=\"more-link\"><span class=\"screen-reader-text\">\u201eKarate\u201c<\/span> weiterlesen<\/a><\/p>\n","protected":false},"author":1,"featured_media":0,"parent":0,"menu_order":0,"comment_status":"closed","ping_status":"closed","template":"","meta":{"footnotes":""},"_links":{"self":[{"href":"https:\/\/bushido-kassel.de\/wordpress\/wp-json\/wp\/v2\/pages\/65"}],"collection":[{"href":"https:\/\/bushido-kassel.de\/wordpress\/wp-json\/wp\/v2\/pages"}],"about":[{"href":"https:\/\/bushido-kassel.de\/wordpress\/wp-json\/wp\/v2\/types\/page"}],"author":[{"embeddable":true,"href":"https:\/\/bushido-kassel.de\/wordpress\/wp-json\/wp\/v2\/users\/1"}],"replies":[{"embeddable":true,"href":"https:\/\/bushido-kassel.de\/wordpress\/wp-json\/wp\/v2\/comments?post=65"}],"version-history":[{"count":8,"href":"https:\/\/bushido-kassel.de\/wordpress\/wp-json\/wp\/v2\/pages\/65\/revisions"}],"predecessor-version":[{"id":245,"href":"https:\/\/bushido-kassel.de\/wordpress\/wp-json\/wp\/v2\/pages\/65\/revisions\/245"}],"wp:attachment":[{"href":"https:\/\/bushido-kassel.de\/wordpress\/wp-json\/wp\/v2\/media?parent=65"}],"curies":[{"name":"wp","href":"https:\/\/api.w.org\/{rel}","templated":true}]}}